{"id":2306,"date":"2026-02-11T04:26:00","date_gmt":"2026-02-11T04:26:00","guid":{"rendered":"https:\/\/chocolate-alpaca-947157.hostingersite.com\/practice-areas\/"},"modified":"2026-02-23T03:49:49","modified_gmt":"2026-02-23T03:49:49","slug":"practice-areas","status":"publish","type":"page","link":"https:\/\/abdullahsezginlegal.com\/tr\/practice-areas\/","title":{"rendered":"\u00c7al\u0131\u0219ma Alanlar\u0131m\u0131z"},"content":{"rendered":"<div data-spectra-id=\"spectra-mhvrg1s8-r61ak4\"\tstyle=\"overflow: visible; --spectra-background-color: var(--ast-global-color-7); --spectra-overlay-opacity: 0.8;\" class=\"spectra-is-root-container alignfull spectra-overlay-color spectra-overflow spectra-background-color spectra-dim-ratio wp-block-spectra-container\" data-orientation=\"vertical\"\t>\n\t\n<div data-spectra-id=\"spectra-827d78c7-3c45-449c-b4d4-75b2c041d8c7\" style=\"overflow: visible\" class=\"spectra-overlay-color spectra-overflow wp-block-spectra-container\" data-orientation=\"vertical\">\n\t\n<div data-spectra-id=\"spectra-mhx6p03m-28fx2n\" style=\"display: flex;justify-content: flex-start\" class=\"wp-block-spectra-separator spectra-separator-color wp-block-spectra-separator\">\n\t<div class=\"spectra-separator-line\" style=\"margin-right: auto;background-color: var(--ast-global-color-0)\"><\/div>\n<\/div>\n\n\n\t<h1 data-spectra-id=\"spectra-mhvrincj-zeloat\" style=\"--spectra-text-color: white\" class=\"has-text-color has-link-color spectra-text-color wp-elements-0a191f239123340f014c539618c4778c wp-block-spectra-content has-text-color has-white-color\">\n\t\tWe Are Helping You\t<\/h1>\n\n\n\t<p data-spectra-id=\"spectra-mhvrinom-avju78\" style=\"--spectra-text-color: white\" class=\"has-text-color has-link-color spectra-text-color wp-elements-5e2c16dab510bb8f3e8f4b3e61c23d12 wp-block-spectra-content has-text-color has-white-color\">\n\t\tAbdullah Sezgin Paralegal &amp; Notary Services provides structured representation and legal support in the following areas:\t<\/p>\n\n\n\n<p class=\"has-text-align-left has-white-color has-text-color has-link-color has-small-font-size wp-elements-86226d5d0578a77bd99c4e70526dff09\" style=\"margin-bottom:0px;margin-left:0;padding-right:50%\">\u2022 Notary Public Services <\/p>\n\n\n\n<p class=\"has-text-align-left has-white-color has-text-color has-link-color has-small-font-size wp-elements-b857e4eb8c91ecacdc886281b014c5cb\" style=\"margin-bottom:0px;margin-left:0;padding-right:50%\">\u2022 Small Claims Court <\/p>\n\n\n\n<p class=\"has-text-align-left has-white-color has-text-color has-link-color has-small-font-size wp-elements-e98c67c145c8a76042cbeb3377c82e21\" style=\"margin-bottom:0px;margin-left:0;padding-right:50%\">\u2022 Landlord &amp; Tenant Board Matters<br>\u2022 Traffic- Provincial Offences &amp; Summary Conviction Offences<br>\u2022 Asylum-Related Matters<\/p>\n\n\n\n<p class=\"has-text-align-left has-white-color has-text-color has-link-color has-small-font-size wp-elements-835a60cc71c829501cf9d6b89cd3caef\" style=\"margin-bottom:0px;margin-left:0;padding-right:35%\">\u2022<strong>Employment &amp; Workplace Matters<\/strong><\/p>\n\n\n\n<p class=\"has-text-align-left has-white-color has-text-color has-link-color has-small-font-size wp-elements-48ac3e2351a5fcc649bacb01f222eec3\" style=\"margin-bottom:0px;margin-left:0;padding-right:50%\">\u2022<strong>WSIB &amp; Social Benefits Appeals<\/strong><\/p>\n\n\n\n<p class=\"has-text-align-left has-white-color has-text-color has-link-color has-small-font-size wp-elements-8c621d49ba561cd7798e3d9c0ad63056\" style=\"margin-bottom:0px;margin-left:0;padding-right:50%\"><strong>\u2022Human Rights Applications<\/strong><br><\/p>\n\n<\/div>\n\n<\/div>\n\n\n<div data-spectra-id=\"spectra-d00bd4f4-f0d2-474d-9857-5ab9df6743cb\"\tstyle=\"overflow: visible; --spectra-background-color: var(--ast-global-color-4);\" class=\"spectra-is-root-container alignfull spectra-overlay-color spectra-overflow spectra-background-color wp-block-spectra-container\" data-orientation=\"vertical\"\t>\n\t\n<div data-spectra-id=\"spectra-mlymy67j-3h1ff7\" style=\"overflow: visible\" class=\"spectra-overlay-color spectra-overflow wp-block-spectra-container\" data-orientation=\"vertical\">\n\t\n<div data-spectra-id=\"spectra-mhvvibvd-giudwc\" style=\"display: flex;justify-content: center\" class=\"wp-block-spectra-separator spectra-separator-color wp-block-spectra-separator\">\n\t<div class=\"spectra-separator-line\" style=\"margin-left: auto;margin-right: auto;background-color: var(--ast-global-color-0)\"><\/div>\n<\/div>\n\n\n\t<h2 data-spectra-id=\"spectra-mhvviccu-bdwbqt\" class=\"wp-block-spectra-content\">\n\t\tWe Help People In Solving Legal Issues\t<\/h2>\n\n\n<div data-spectra-id=\"spectra-mhvvjzar-dpuobu\" style=\"overflow: visible\" class=\"spectra-overlay-color spectra-overflow wp-block-spectra-container\" data-orientation=\"horizontal\">\n\t\n<div data-spectra-id=\"spectra-f90bcacd-8a7d-4b62-8441-d7db3f0c5d8f\" style=\"overflow: visible;--spectra-background-color: var(--ast-global-color-5)\" class=\"spectra-overlay-color spectra-overflow spectra-background-color wp-block-spectra-container\" data-orientation=\"vertical\">\n\t\n\t<h4 data-spectra-id=\"spectra-348e7ea5-6e88-4b17-95fb-3610690189dc\" class=\"wp-block-spectra-content\">\n\t\tLandlord and Tenant Board (LTB) Representation\t<\/h4>\n\n\n\n<p>Assistance with landlord and tenant notices and applications before the Landlord and Tenant Board (Ontario), including:<\/p>\n\n\n\n<p>\u2022 N4, N5, N8, N12, N13 Notices<br>\u2022 L1, L2, L3, L4, L9 Applications<br>\u2022 Tenant Applications (T1, T2, T6)<br>\u2022 Hearing preparation and representation<\/p>\n\n<\/div>\n\n\n<div data-spectra-id=\"spectra-dc696233-a4c7-4aab-90c8-50e539824997\" style=\"overflow: visible;--spectra-background-color: var(--ast-global-color-5)\" class=\"spectra-overlay-color spectra-overflow spectra-background-color wp-block-spectra-container\" data-orientation=\"vertical\">\n\t\n\t<h4 data-spectra-id=\"spectra-mhvvlll5-kspwvg\" class=\"wp-block-spectra-content\">\n\t\tNotary\t<\/h4>\n\n\n\t<p data-spectra-id=\"spectra-mhvvlm47-3y81jj\" class=\"wp-block-spectra-content\">\n\t\tAffidavits and sworn declarations \u2022 Statutory declarations \u2022 Certified true copies \u2022 Oaths and affirmations \u2022 Document witnessing \u2022 International use document notarization\t<\/p>\n\n<\/div>\n\n\n<div data-spectra-id=\"spectra-36478ad2-e07d-4c20-a0dc-6c4e2957a5b5\" style=\"overflow: visible;--spectra-background-color: var(--ast-global-color-5)\" class=\"spectra-overlay-color spectra-overflow spectra-background-color wp-block-spectra-container\" data-orientation=\"vertical\">\n\t\n\t<h4 data-spectra-id=\"spectra-0a5a4067-f1bc-415b-8039-ef8e8309deda\" class=\"wp-block-spectra-content\">\n\t\tSmall Claims Court (Ontario)\t<\/h4>\n\n\n\n<ul class=\"wp-block-list\">\n<li>Debt recovery claims<\/li>\n\n\n\n<li>Cheque and promissory note disputes<\/li>\n\n\n\n<li>Contract disputes<\/li>\n\n\n\n<li>Plaintiff and Defendant representation<\/li>\n\n\n\n<li>Settlement negotiation<\/li>\n\n\n\n<li>Judgment enforcement guidance<\/li>\n<\/ul>\n\n\n\n<p class=\"has-text-align-center\"><\/p>\n\n<\/div>\n\n\n<div data-spectra-id=\"spectra-cededfd8-6490-43bd-8b82-5f46374329c4\" style=\"overflow: visible;--spectra-background-color: var(--ast-global-color-5)\" class=\"spectra-overlay-color spectra-overflow spectra-background-color wp-block-spectra-container\" data-orientation=\"vertical\">\n\t\n\t<h4 data-spectra-id=\"spectra-ba0d979d-85b5-4719-a482-d3c6b65f7ccd\" class=\"wp-block-spectra-content\">\n\t\tRefugee\/Asylum Matters\t<\/h4>\n\n\n\n<ul class=\"wp-block-list\">\n<li>Preparation of refugee claim documentation<\/li>\n\n\n\n<li>Basis of Claim (BOC) form assistance<\/li>\n\n\n\n<li>Evidence organization<\/li>\n\n\n\n<li>Written submissions<\/li>\n\n\n\n<li>Hearing preparation<\/li>\n\n\n\n<li>Representation before the Immigration and Refugee Board (where permitted)<\/li>\n<\/ul>\n\n<\/div>\n\n\n<div data-spectra-id=\"spectra-f4b914ed-9d51-4ab1-a42b-9997e09dfa87\" style=\"overflow: visible;--spectra-background-color: var(--ast-global-color-5)\" class=\"spectra-overlay-color spectra-overflow spectra-background-color wp-block-spectra-container\" data-orientation=\"vertical\">\n\t\n\t<h4 data-spectra-id=\"spectra-605d0367-1410-4912-bdd5-17708d6f43dd\" class=\"wp-block-spectra-content\">\n\t\tTraffic- Provincial Offences &amp; Summary Conviction Offences<br>\t<\/h4>\n\n\n\t<p data-spectra-id=\"spectra-56727d39-dfc5-451e-8a62-8fbf2b1a8611\" class=\"wp-block-spectra-content\">\n\t\t\u2022 Speeding charges<br>\u2022 Careless driving<br>\u2022 Red light and stop sign offences<br>\u2022 Suspended licence matters<br>\u2022 Municipal by-law offences<br>\u2022 Court representation and resolution discussions<br>\t<\/p>\n\n<\/div>\n\n\n<div data-spectra-id=\"spectra-aa993fa2-9f8f-40a9-9462-7649ccbcfea5\" style=\"overflow: visible;--spectra-background-color: var(--ast-global-color-5)\" class=\"spectra-overlay-color spectra-overflow spectra-background-color wp-block-spectra-container\" data-orientation=\"vertical\">\n\t\n\t<h4 data-spectra-id=\"spectra-2cc32930-5233-4cb9-98f3-081a5004b176\" class=\"wp-block-spectra-content\">\n\t\t<strong>Other Legal Matters Within Paralegal Scope<\/strong><br>\t<\/h4>\n\n\n\t<p data-spectra-id=\"spectra-a82131b2-57a8-4aca-9643-592453fa0dcf\" class=\"wp-block-spectra-content\">\n\t\tAssistance with additional matters permitted under Ontario\u2019s paralegal regulations.\t<\/p>\n\n<\/div>\n\n<\/div>\n\n<\/div>\n\n<\/div>\n\n\n<div data-spectra-id=\"spectra-a4be3df6-4f21-4b48-9170-4153986fa4dd\"\tstyle=\"overflow: visible; --spectra-background-color: var(--ast-global-color-7); --spectra-overlay-opacity: 0.55;\" class=\"spectra-is-root-container alignfull spectra-overlay-color spectra-overflow spectra-background-color spectra-dim-ratio wp-block-spectra-container\" data-orientation=\"vertical\"\t>\n\t\n<div data-spectra-id=\"spectra-aac2fb35-ffe6-40f5-97f2-fa3c290cefc1\" style=\"overflow: visible\" class=\"spectra-overlay-color spectra-overflow wp-block-spectra-container\" data-orientation=\"vertical\">\n\t\n\t<h2 data-spectra-id=\"spectra-mhvw8da2-9tb2hr\" style=\"--spectra-text-color: white\" class=\"has-text-color has-link-color spectra-text-color wp-elements-b3c156b6cd12e6389d4275f422ae5fe7 wp-block-spectra-content has-text-color has-white-color\">\n\t\tHukuki sorunlar\u0131n\u0131z\u0131n \u00e7\u00f6z\u00fcm\u00fc i\u00e7in size hizmet sunuyoruz\t<\/h2>\n\n\n<div data-spectra-id=\"spectra-mipt9e3f-mlfsfp\" class=\"wp-block-button spectra-buttons wp-block-spectra-buttons\">\n\t\n<a data-spectra-id=\"spectra-mipt9ea7-7l9gb1\" class=\"wp-block-button__link wp-element-button wp-block-spectra-button\">\n<div class=\"spectra-button__link\">Get Appointment<\/div><\/a>\n\n<\/div>\n\n<\/div>\n\n<\/div>\n\n\n\n<p><\/p>","protected":false},"excerpt":{"rendered":"","protected":false},"author":1,"featured_media":0,"parent":0,"menu_order":0,"comment_status":"closed","ping_status":"closed","template":"","meta":{"_uag_custom_page_level_css":"","site-sidebar-layout":"no-sidebar","site-content-layout":"plain-container","ast-site-content-layout":"normal-width-container","site-content-style":"unboxed","site-sidebar-style":"unboxed","ast-global-header-display":"","ast-banner-title-visibility":"","ast-main-header-display":"","ast-hfb-above-header-display":"","ast-hfb-below-header-display":"","ast-hfb-mobile-header-display":"","site-post-title":"disabled","ast-breadcrumbs-content":"","ast-featured-img":"disabled","footer-sml-layout":"","ast-disable-related-posts":"","theme-transparent-header-meta":"enabled","adv-header-id-meta":"","stick-header-meta":"","header-above-stick-meta":"","header-main-stick-meta":"","header-below-stick-meta":"","astra-migrate-meta-layouts":"set","ast-page-background-enabled":"default","ast-page-background-meta":{"desktop":{"background-color":"var(--ast-global-color-4)","background-image":"","background-repeat":"repeat","background-position":"center center","background-size":"auto","background-attachment":"scroll","background-type":"","background-media":"","overlay-type":"","overlay-color":"","overlay-opacity":"","overlay-gradient":""},"tablet":{"background-color":"","background-image":"","background-repeat":"repeat","background-position":"center center","background-size":"auto","background-attachment":"scroll","background-type":"","background-media":"","overlay-type":"","overlay-color":"","overlay-opacity":"","overlay-gradient":""},"mobile":{"background-color":"","background-image":"","background-repeat":"repeat","background-position":"center center","background-size":"auto","background-attachment":"scroll","background-type":"","background-media":"","overlay-type":"","overlay-color":"","overlay-opacity":"","overlay-gradient":""}},"ast-content-background-meta":{"desktop":{"background-color":"var(--ast-global-color-5)","background-image":"","background-repeat":"repeat","background-position":"center center","background-size":"auto","background-attachment":"scroll","background-type":"","background-media":"","overlay-type":"","overlay-color":"","overlay-opacity":"","overlay-gradient":""},"tablet":{"background-color":"var(--ast-global-color-5)","background-image":"","background-repeat":"repeat","background-position":"center center","background-size":"auto","background-attachment":"scroll","background-type":"","background-media":"","overlay-type":"","overlay-color":"","overlay-opacity":"","overlay-gradient":""},"mobile":{"background-color":"var(--ast-global-color-5)","background-image":"","background-repeat":"repeat","background-position":"center center","background-size":"auto","background-attachment":"scroll","background-type":"","background-media":"","overlay-type":"","overlay-color":"","overlay-opacity":"","overlay-gradient":""}},"footnotes":""},"class_list":["post-2306","page","type-page","status-publish","hentry"],"aioseo_notices":[],"_hostinger_reach_plugin_has_subscription_block":false,"_hostinger_reach_plugin_is_elementor":false,"uagb_featured_image_src":{"full":false,"thumbnail":false,"medium":false,"medium_large":false,"large":false,"1536x1536":false,"2048x2048":false,"trp-custom-language-flag":false},"uagb_author_info":{"display_name":"info@abdullahsezginlegal.com","author_link":"https:\/\/abdullahsezginlegal.com\/tr\/author\/infoabdullahsezginlegal-com\/"},"uagb_comment_info":0,"uagb_excerpt":null,"_links":{"self":[{"href":"https:\/\/abdullahsezginlegal.com\/tr\/wp-json\/wp\/v2\/pages\/2306","targetHints":{"allow":["GET"]}}],"collection":[{"href":"https:\/\/abdullahsezginlegal.com\/tr\/wp-json\/wp\/v2\/pages"}],"about":[{"href":"https:\/\/abdullahsezginlegal.com\/tr\/wp-json\/wp\/v2\/types\/page"}],"author":[{"embeddable":true,"href":"https:\/\/abdullahsezginlegal.com\/tr\/wp-json\/wp\/v2\/users\/1"}],"replies":[{"embeddable":true,"href":"https:\/\/abdullahsezginlegal.com\/tr\/wp-json\/wp\/v2\/comments?post=2306"}],"version-history":[{"count":11,"href":"https:\/\/abdullahsezginlegal.com\/tr\/wp-json\/wp\/v2\/pages\/2306\/revisions"}],"predecessor-version":[{"id":2755,"href":"https:\/\/abdullahsezginlegal.com\/tr\/wp-json\/wp\/v2\/pages\/2306\/revisions\/2755"}],"wp:attachment":[{"href":"https:\/\/abdullahsezginlegal.com\/tr\/wp-json\/wp\/v2\/media?parent=2306"}],"curies":[{"name":"wp","href":"https:\/\/api.w.org\/{rel}","templated":true}]}}