{"id":833,"date":"2026-02-11T04:26:00","date_gmt":"2026-02-11T04:26:00","guid":{"rendered":"https:\/\/chocolate-alpaca-947157.hostingersite.com\/home\/"},"modified":"2026-02-27T22:41:39","modified_gmt":"2026-02-27T22:41:39","slug":"home","status":"publish","type":"page","link":"https:\/\/abdullahsezginlegal.com\/tr\/","title":{"rendered":"Ana Sayfa"},"content":{"rendered":"<div style=\"background-image:url(&apos;https:\/\/abdullahsezginlegal.com\/wp-content\/uploads\/2026\/02\/g4cd4e588f9e58d1de508d2fec866f6efa36bb685dcfe2f01576b74085953f816d798812755f865e2a5728d65da847f12afe00215af2157a01cbc3344cae63b1e_1280-6722634.jpg&apos;);background-position:27% 37%;background-size:cover;\" class=\"wp-block-group alignwide has-ast-global-color-5-color has-ast-global-color-4-background-color has-text-color has-background has-link-color has-medium-font-size wp-elements-dfd88d66a569dfc1fc6800ec5e330a68 is-content-justification-center is-layout-constrained wp-block-group-is-layout-constrained\">\n<p class=\"has-text-align-center\" style=\"margin-top:0;margin-right:0;margin-bottom:0;margin-left:0;padding-top:var(--wp--preset--spacing--50);padding-bottom:var(--wp--preset--spacing--50);font-size:26px;font-style:normal;font-weight:500\">Abdullah Sezgin, Paralegal &amp; Notary Services<\/p>\n\n\n\n<p class=\"has-text-align-center\">\u2022 Noter \u0130\u015flemleri \u2022 K\u00fc\u00e7\u00fck Davalar (Small Claims Court)  \u2022 Ev Sahibi \u2013 Kirac\u0131 Uyu\u015fmazl\u0131klar\u0131<\/p>\n\n\n\n<p class=\"has-text-align-center\">\u2022 Trafik ve Provicial Su\u00e7lar \u2022 Iltica Basvurulari<\/p>\n\n\n\n<p class=\"has-text-align-center\">\u2022Employment &amp; Workplace Matters-WSIB Representation \u2022Human Rights Applications \u2022Social Benefits Tribunal<\/p>\n\n\n\n<p class=\"has-text-align-center\">\ud83d\udcde +1 647-675-4606<br>\u2709\ufe0f <a>info@abdullahsezginlegal.com<\/a><\/p>\n\n\n\n<p><\/p>\n<\/div>\n\n\n<div data-spectra-id=\"spectra-7f6e957d-8e07-40a8-8eff-15f2decafb86\"\tstyle=\"overflow: visible; --spectra-background-color: #ffffff;\" class=\"spectra-is-root-container alignfull spectra-overlay-color spectra-overflow spectra-background-color wp-block-spectra-container\" data-orientation=\"horizontal\"\t>\n\t\n<div data-spectra-id=\"spectra-mhwxq598-xi6t9i\" style=\"overflow: visible\" class=\"spectra-overlay-color spectra-overflow wp-block-spectra-container\" data-orientation=\"vertical\">\n\t\n<div data-spectra-id=\"spectra-mhwxrio4-wi081f\" style=\"display: flex;justify-content: flex-start\" class=\"wp-block-spectra-separator spectra-separator-color wp-block-spectra-separator\">\n\t<div class=\"spectra-separator-line\" style=\"margin-right: auto;background-color: var(--ast-global-color-0)\"><\/div>\n<\/div>\n\n\n\t<h2 data-spectra-id=\"spectra-mhwxriz7-30ija9\" class=\"wp-block-spectra-content\">\n\t\tHakk\u0131m\u0131zda\t<\/h2>\n\n\n\t<p data-spectra-id=\"spectra-mhwxrkuy-h7a0ku\" class=\"wp-block-spectra-content\">\n\t\tAbdullah Sezgin, Ontario\u2019da lisansl\u0131 bir paralegal olarak, hukuki uyu\u015fmazl\u0131klarda profesyonel temsil hizmeti sunmakta; ayn\u0131 zamanda kapsaml\u0131 ve g\u00fcvenilir noterlik i\u015flemlerini y\u00fcr\u00fctmektedir.\n\n\u00c7al\u0131\u015fma prensibi; usule tam uyum, sorumlu savunuculuk anlay\u0131\u015f\u0131 ve m\u00fcvekkillerle h\u0131zl\u0131, net ve etkili ileti\u015fim \u00fczerine kuruludur. Her a\u015famada g\u00fcven, \u015feffafl\u0131k ve sonu\u00e7 odakl\u0131 yakla\u015f\u0131m esas al\u0131n\u0131r.\t<\/p>\n\n<\/div>\n\n\n<div data-spectra-id=\"spectra-61b84ffb-d4c4-486b-951b-00552399f37b\" style=\"overflow: visible\" class=\"spectra-overlay-color spectra-overflow wp-block-spectra-container\" data-orientation=\"vertical\">\n\t\n\n<figure data-spectra-id=\"spectra-mhwy4dp0-vg82gr\" class=\"wp-block-image size-full is-resized\"><img loading=\"lazy\" decoding=\"async\" width=\"2560\" height=\"2529\" src=\"https:\/\/abdullahsezginlegal.com\/wp-content\/uploads\/2026\/02\/IMG_9524-scaled.jpeg\" alt=\"\" class=\"wp-image-2686\" srcset=\"https:\/\/abdullahsezginlegal.com\/wp-content\/uploads\/2026\/02\/IMG_9524-scaled.jpeg 2560w, https:\/\/abdullahsezginlegal.com\/wp-content\/uploads\/2026\/02\/IMG_9524-300x296.jpeg 300w, https:\/\/abdullahsezginlegal.com\/wp-content\/uploads\/2026\/02\/IMG_9524-1024x1012.jpeg 1024w, https:\/\/abdullahsezginlegal.com\/wp-content\/uploads\/2026\/02\/IMG_9524-768x759.jpeg 768w, https:\/\/abdullahsezginlegal.com\/wp-content\/uploads\/2026\/02\/IMG_9524-1536x1517.jpeg 1536w, https:\/\/abdullahsezginlegal.com\/wp-content\/uploads\/2026\/02\/IMG_9524-2048x2023.jpeg 2048w\" sizes=\"auto, (max-width: 2560px) 100vw, 2560px\" \/><\/figure>\n\n<\/div>\n\n<\/div>\n\n\n<div data-spectra-id=\"spectra-1f294599-e814-46b2-9d08-a1f3a7dbf7bf\" style=\"display: flex; justify-content: flex-start; \" class=\"wp-block-spectra-separator spectra-separator-color wp-block-spectra-separator\">\n\t<div class=\"spectra-separator-line\" style=\"margin-right: auto; background-color: var(--ast-global-color-0); \"><\/div>\n<\/div>\n\n\n<div data-spectra-id=\"spectra-019fa3eb-b200-4460-b5a3-5d465f261cc0\"\tstyle=\"overflow: visible; --spectra-background-color: var(--ast-global-color-5);\" class=\"spectra-is-root-container alignfull spectra-overlay-color spectra-overflow spectra-background-color wp-block-spectra-container\" data-orientation=\"vertical\"\t>\n\t\n<div data-spectra-id=\"spectra-c91853f5-6c18-4931-91cd-d5295fb7d428\" style=\"overflow: visible\" class=\"spectra-overlay-color spectra-overflow wp-block-spectra-container\" data-orientation=\"horizontal\">\n\t\n<div data-spectra-id=\"spectra-f703c020-5af1-4b47-9778-7d977aeeb556\" style=\"overflow: visible\" class=\"spectra-overlay-color spectra-overflow wp-block-spectra-container\" data-orientation=\"vertical\">\n\t\n\t<h2 data-spectra-id=\"spectra-dc638443-01ce-4c46-965f-571a8c512638\" class=\"wp-block-spectra-content\">\n\t\tCalisma Alanlarimiz\t<\/h2>\n\n\n\n<h3 class=\"wp-block-heading has-medium-font-size\">\u2022 Notary Public Services \u2022 Small Claims Court<br>\u2022 Landlord &amp; Tenant Board \u2022 Traffic &amp; Provincial Offences \u2022Refugee &amp; Asylum Matters  \u2022Employment &amp; Workplace Matters-WSIB Representation \u2022Human Rights Applications \u2022Social Benefits Tribunal \u2022 Legal Consultation<\/h3>\n\n\n\n<figure data-spectra-id=\"spectra-mhwyg47m-kdlvd3\" class=\"wp-block-image size-full is-resized\"><img loading=\"lazy\" decoding=\"async\" width=\"1024\" height=\"576\" src=\"https:\/\/abdullahsezginlegal.com\/wp-content\/uploads\/2025\/11\/contact-bg-1024x576-1.jpg\" alt=\"contact bg 1024x576.jpg\" class=\"wp-image-2291\" srcset=\"https:\/\/abdullahsezginlegal.com\/wp-content\/uploads\/2025\/11\/contact-bg-1024x576-1.jpg 1024w, https:\/\/abdullahsezginlegal.com\/wp-content\/uploads\/2025\/11\/contact-bg-1024x576-1-300x169.jpg 300w, https:\/\/abdullahsezginlegal.com\/wp-content\/uploads\/2025\/11\/contact-bg-1024x576-1-768x432.jpg 768w\" sizes=\"auto, (max-width: 1024px) 100vw, 1024px\" \/><\/figure>\n\n<\/div>\n\n\n<div data-spectra-id=\"spectra-f2f7bd92-625e-4503-bbf4-18263efb3640\" style=\"overflow: visible\" class=\"spectra-overlay-color spectra-overflow wp-block-spectra-container\" data-orientation=\"horizontal\">\n\t\n\n<h3 class=\"wp-block-heading\">Small Claims Court<\/h3>\n\n\n\n<p>Bor\u00e7 tahsili, s\u00f6zle\u015fme uyu\u015fmazl\u0131klar\u0131 ve kiymetli evrak kaynakl\u0131 alacak davalar\u0131 dahil olmak \u00fczere parasal ve hukuki uyu\u015fmazl\u0131klarda usule uygun ve sistematik dava haz\u0131rl\u0131\u011f\u0131 ile temsil hizmeti sunulmaktad\u0131r.<\/p>\n\n\n\n<h3 class=\"wp-block-heading\">Landlord &amp; Tenant Board<\/h3>\n\n\n\n<p>Ev sahibi ve kirac\u0131 uyusmazliklarinda yasal ihtarlar, ba\u015fvurular ve LTB duru\u015fmalar\u0131 kapsam\u0131nda temsil ve destek sa\u011flanmakta; s\u00fcre\u00e7ler muntazam bir sekilde dikkatle yurutulmektedir.<\/p>\n\n\n\n<h3 class=\"wp-block-heading\">Trafik &amp; Provincial Suclar<\/h3>\n\n\n\n<p>H\u0131z ihlali, dikkats\u0131z ara\u00e7 kullanma ve di\u011fer trafik su\u00e7lar\u0131nda mahkeme temsil hizmetleri sunulmaktadir.<\/p>\n\n\n\n<h3 class=\"wp-block-heading\">\u0130ltica ve S\u0131\u011f\u0131nma Ba\u015fvurular\u0131<\/h3>\n\n\n\n<p>M\u00fclteci koruma ba\u015fvurular\u0131, belge haz\u0131rl\u0131\u011f\u0131, yetkili kurumlar \u00f6n\u00fcnde duru\u015fmalar i\u00e7in temsil hizmeti sa\u011flanmaktad\u0131r.<\/p>\n\n\n\n<h3 class=\"wp-block-heading\">Noterlik Hizmetleri<\/h3>\n\n\n\n<p>Yeminli beyanlar (affidavit), resmi beyanlar (statutory declaration), onayl\u0131 suret i\u015flemleri (certified true copy) ve belge tasdik i\u015flemleri dahil olmak \u00fczere profesyonel noterlik hizmetleri sunulmaktad\u0131r.<\/p>\n\n\n\n<h3 class=\"wp-block-heading\">Hukuk Danismanligi<\/h3>\n\n\n\n<p>Paralegal mesleki yetki s\u0131n\u0131rlar\u0131 i\u00e7erisinde, hukuki durum analizi ve stratejik yol haritas\u0131 olu\u015fturulmas\u0131na y\u00f6nelik dan\u0131\u015fmanl\u0131k hizmeti sunulmaktad\u0131r.<\/p>\n\n\n\n<h2 class=\"wp-block-heading\" style=\"font-size:26px\"><strong>Employment &amp; Workplace Matters<\/strong><\/h2>\n\n\n\n<p style=\"font-size:15px\">Representation in Employment Standards Act claims, unpaid wages disputes, termination pay matters, and employment-related Small Claims Court cases. Strategic guidance, demand letters, and structured advocacy focused on practical resolution.<\/p>\n\n<\/div>\n\n<\/div>\n\n<\/div>\n\n\n<div data-spectra-id=\"spectra-a4be3df6-4f21-4b48-9170-4153986fa4dd\"\tstyle=\"overflow: visible; --spectra-text-color: ast-global-color-5; --spectra-background-color: var(--ast-global-color-7); --spectra-overlay-opacity: 0.55;\" class=\"spectra-is-root-container alignfull spectra-overlay-color spectra-overflow spectra-text-color spectra-background-color spectra-dim-ratio wp-elements-28ec7ad173fd692d912f8e5484345433 wp-block-spectra-container has-text-color has-ast-global-color-5-color\" data-orientation=\"vertical\"\t>\n\t\n<div data-spectra-id=\"spectra-aac2fb35-ffe6-40f5-97f2-fa3c290cefc1\" style=\"overflow: visible\" class=\"spectra-overlay-color spectra-overflow wp-block-spectra-container\" data-orientation=\"vertical\">\n\t\n\t<p data-spectra-id=\"spectra-mhvw8dl2-5xq926\" style=\"--spectra-text-color: white\" class=\"has-text-color has-link-color spectra-text-color wp-elements-3015c74cf5e22a415688d46f13a47b6a wp-block-spectra-content has-text-color has-white-color\">\n\t\t<strong>Phone and Watsapp: +1 647-675-4606 <\/strong>\t<\/p>\n\n\n\n<p class=\"has-text-align-center has-white-color has-text-color has-link-color wp-elements-2b4df9a3affa4d3ada09096880c043ba\" style=\"margin-top:20px;margin-bottom:40px;padding-right:31%;padding-left:31%\">\u2709\ufe0f <a>info@abdullahsezginlegal.com<\/a><\/p>\n\n\n<div data-spectra-id=\"spectra-mipt60v1-ph1390\" class=\"wp-block-button spectra-buttons wp-block-spectra-buttons\">\n\t\n\n<\/div>\n\n<\/div>\n\n<\/div>\n\n\n\n<p><\/p>","protected":false},"excerpt":{"rendered":"<p>Abdullah Sezgin, Paralegal &amp; Notary Services \u2022Notary \u2022Small Claims \u2022 Landlord &amp; Tenant \u2022 Provincial Offences \u2022 Refugee Matters \u2022Employment &amp; Workplace Matters-WSIB Representation \u2022Human Rights Applications \u2022Social Benefits Tribunal \ud83d\udcde +1 647-675-4606\u2709\ufe0f info@abdullahsezginlegal.com<\/p>","protected":false},"author":1,"featured_media":0,"parent":0,"menu_order":0,"comment_status":"closed","ping_status":"closed","template":"","meta":{"_uag_custom_page_level_css":"","site-sidebar-layout":"no-sidebar","site-content-layout":"plain-container","ast-site-content-layout":"default","site-content-style":"unboxed","site-sidebar-style":"unboxed","ast-global-header-display":"","ast-banner-title-visibility":"","ast-main-header-display":"","ast-hfb-above-header-display":"","ast-hfb-below-header-display":"","ast-hfb-mobile-header-display":"","site-post-title":"disabled","ast-breadcrumbs-content":"","ast-featured-img":"disabled","footer-sml-layout":"","ast-disable-related-posts":"","theme-transparent-header-meta":"enabled","adv-header-id-meta":"","stick-header-meta":"","header-above-stick-meta":"","header-main-stick-meta":"","header-below-stick-meta":"","astra-migrate-meta-layouts":"set","ast-page-background-enabled":"default","ast-page-background-meta":{"desktop":{"background-color":"var(--ast-global-color-4)","background-image":"","background-repeat":"repeat","background-position":"center center","background-size":"auto","background-attachment":"scroll","background-type":"","background-media":"","overlay-type":"","overlay-color":"","overlay-opacity":"","overlay-gradient":""},"tablet":{"background-color":"","background-image":"","background-repeat":"repeat","background-position":"center center","background-size":"auto","background-attachment":"scroll","background-type":"","background-media":"","overlay-type":"","overlay-color":"","overlay-opacity":"","overlay-gradient":""},"mobile":{"background-color":"","background-image":"","background-repeat":"repeat","background-position":"center center","background-size":"auto","background-attachment":"scroll","background-type":"","background-media":"","overlay-type":"","overlay-color":"","overlay-opacity":"","overlay-gradient":""}},"ast-content-background-meta":{"desktop":{"background-color":"var(--ast-global-color-5)","background-image":"","background-repeat":"repeat","background-position":"center center","background-size":"auto","background-attachment":"scroll","background-type":"","background-media":"","overlay-type":"","overlay-color":"","overlay-opacity":"","overlay-gradient":""},"tablet":{"background-color":"var(--ast-global-color-5)","background-image":"","background-repeat":"repeat","background-position":"center center","background-size":"auto","background-attachment":"scroll","background-type":"","background-media":"","overlay-type":"","overlay-color":"","overlay-opacity":"","overlay-gradient":""},"mobile":{"background-color":"var(--ast-global-color-5)","background-image":"","background-repeat":"repeat","background-position":"center center","background-size":"auto","background-attachment":"scroll","background-type":"","background-media":"","overlay-type":"","overlay-color":"","overlay-opacity":"","overlay-gradient":""}},"footnotes":"[]"},"class_list":["post-833","page","type-page","status-publish","hentry"],"aioseo_notices":[],"_hostinger_reach_plugin_has_subscription_block":false,"_hostinger_reach_plugin_is_elementor":false,"uagb_featured_image_src":{"full":false,"thumbnail":false,"medium":false,"medium_large":false,"large":false,"1536x1536":false,"2048x2048":false,"trp-custom-language-flag":false},"uagb_author_info":{"display_name":"info@abdullahsezginlegal.com","author_link":"https:\/\/abdullahsezginlegal.com\/tr\/author\/infoabdullahsezginlegal-com\/"},"uagb_comment_info":0,"uagb_excerpt":"Abdullah Sezgin, Paralegal &amp; Notary Services \u2022Notary \u2022Small Claims \u2022 Landlord &amp; Tenant \u2022 Provincial Offences \u2022 Refugee Matters \u2022Employment &amp; Workplace Matters-WSIB Representation \u2022Human Rights Applications \u2022Social Benefits Tribunal \ud83d\udcde +1 647-675-4606\u2709\ufe0f info@abdullahsezginlegal.com","_links":{"self":[{"href":"https:\/\/abdullahsezginlegal.com\/tr\/wp-json\/wp\/v2\/pages\/833","targetHints":{"allow":["GET"]}}],"collection":[{"href":"https:\/\/abdullahsezginlegal.com\/tr\/wp-json\/wp\/v2\/pages"}],"about":[{"href":"https:\/\/abdullahsezginlegal.com\/tr\/wp-json\/wp\/v2\/types\/page"}],"author":[{"embeddable":true,"href":"https:\/\/abdullahsezginlegal.com\/tr\/wp-json\/wp\/v2\/users\/1"}],"replies":[{"embeddable":true,"href":"https:\/\/abdullahsezginlegal.com\/tr\/wp-json\/wp\/v2\/comments?post=833"}],"version-history":[{"count":21,"href":"https:\/\/abdullahsezginlegal.com\/tr\/wp-json\/wp\/v2\/pages\/833\/revisions"}],"predecessor-version":[{"id":2765,"href":"https:\/\/abdullahsezginlegal.com\/tr\/wp-json\/wp\/v2\/pages\/833\/revisions\/2765"}],"wp:attachment":[{"href":"https:\/\/abdullahsezginlegal.com\/tr\/wp-json\/wp\/v2\/media?parent=833"}],"curies":[{"name":"wp","href":"https:\/\/api.w.org\/{rel}","templated":true}]}}