{"id":834,"date":"2026-02-11T04:26:00","date_gmt":"2026-02-11T04:26:00","guid":{"rendered":"https:\/\/chocolate-alpaca-947157.hostingersite.com\/about-us\/"},"modified":"2026-02-16T18:49:52","modified_gmt":"2026-02-16T18:49:52","slug":"about-us","status":"publish","type":"page","link":"https:\/\/abdullahsezginlegal.com\/tr\/about-us\/","title":{"rendered":"Hakk\u0131m\u0131zda"},"content":{"rendered":"<div data-spectra-id=\"spectra-mhvrg1s8-r61ak4\"\tstyle=\"overflow: visible; --spectra-background-color: var(--ast-global-color-7); --spectra-overlay-opacity: 0.8;\" class=\"spectra-is-root-container alignfull spectra-overlay-color spectra-overflow spectra-background-color spectra-dim-ratio wp-block-spectra-container\" data-orientation=\"vertical\"\t>\n\t\n<div data-spectra-id=\"spectra-827d78c7-3c45-449c-b4d4-75b2c041d8c7\" style=\"overflow: visible\" class=\"spectra-overlay-color spectra-overflow wp-block-spectra-container\" data-orientation=\"vertical\">\n\t\n<div data-spectra-id=\"spectra-mhx6p03m-28fx2n\" style=\"display: flex;justify-content: flex-start\" class=\"wp-block-spectra-separator spectra-separator-color wp-block-spectra-separator\">\n\t<div class=\"spectra-separator-line\" style=\"margin-right: auto;background-color: var(--ast-global-color-0)\"><\/div>\n<\/div>\n\n\n\t<h1 data-spectra-id=\"spectra-mhvrincj-zeloat\" style=\"--spectra-text-color: white\" class=\"has-text-color has-link-color spectra-text-color wp-elements-34de35c2273f477ebdfffe6177691e99 wp-block-spectra-content has-text-color has-white-color\">\n\t\tHakk\u0131m\u0131zda Daha Fazla Bilgi\t<\/h1>\n\n\n\t<p data-spectra-id=\"spectra-mhvrinom-avju78\" style=\"--spectra-text-color: white\" class=\"has-text-color has-link-color spectra-text-color wp-elements-7d97cf949036b6b5481d77428f123931 wp-block-spectra-content has-text-color has-white-color\">\n\t\tAbdullah Sezgin Paralegal &amp; Notary Services, Ontario genelinde m\u00fcvekkil odakl\u0131 hukuki destek sunmaktad\u0131r.<br>\u00c7al\u0131\u015fma alanlar\u0131 aras\u0131nda Small Claims Court uyu\u015fmazl\u0131klar\u0131, bor\u00e7 tahsili, \u00e7ek ve bono kaynakl\u0131 ihtilaflar, trafik ve provincial kabahatler, Ev Sahibi \u2013 Kirac\u0131 Kurulu (Landlord &amp; Tenant Board) i\u015flemleri, s\u0131\u011f\u0131nma ve m\u00fclteci ba\u015fvurular\u0131 ile noterlik hizmetleri yer almaktad\u0131r.<br>Her dosya; haz\u0131rl\u0131k, usule uygunluk ve detaylara \u00f6zen ilkesiyle ele al\u0131n\u0131r. \u0130leti\u015fim do\u011frudan, sayg\u0131l\u0131 ve zaman\u0131nda y\u00fcr\u00fct\u00fcl\u00fcr. M\u00fcvekkiller s\u00fcrecin her a\u015famas\u0131nda bilgilendirilir.<br>Temel hedef; net bir strateji, sorumlu temsil ve etkin \u00e7\u00f6z\u00fcm sa\u011flamakt\u0131r.\t<\/p>\n\n<\/div>\n\n<\/div>\n\n\n<div data-spectra-id=\"spectra-a23316e7-f178-4ce1-8845-7726339db188\"\tstyle=\"overflow: visible; --spectra-background-color: var(--ast-global-color-5);\" class=\"spectra-is-root-container alignfull spectra-overlay-color spectra-overflow spectra-background-color wp-block-spectra-container\" data-orientation=\"vertical\"\t>\n\t\n<div data-spectra-id=\"spectra-7f6e957d-8e07-40a8-8eff-15f2decafb86\" style=\"overflow: visible\" class=\"spectra-overlay-color spectra-overflow wp-block-spectra-container\" data-orientation=\"horizontal\">\n\t\n<div data-spectra-id=\"spectra-mhwxq598-xi6t9i\" style=\"overflow: visible\" class=\"spectra-overlay-color spectra-overflow wp-block-spectra-container\" data-orientation=\"vertical\">\n\t\n\t<h2 data-spectra-id=\"spectra-mhwxriz7-30ija9\" class=\"wp-block-spectra-content\">\n\t\tHakk\u0131m\u0131zda\t<\/h2>\n\n\n\t<p data-spectra-id=\"spectra-mhwxrkuy-h7a0ku\" class=\"wp-block-spectra-content\">\n\t\tAbdullah Sezgin Paralegal &amp; Notary Services, Ontario genelinde m\u00fcvekkil odakl\u0131 hukuki destek sunmaktad\u0131r.<br>\u00c7al\u0131\u015fma alanlar\u0131 aras\u0131nda Small Claims Court uyu\u015fmazl\u0131klar\u0131, bor\u00e7 tahsili, \u00e7ek ve bono kaynakl\u0131 ihtilaflar, trafik ve provincial kabahatler, Ev Sahibi \u2013 Kirac\u0131 Kurulu (Landlord &amp; Tenant Board) i\u015flemleri, s\u0131\u011f\u0131nma ve m\u00fclteci ba\u015fvurular\u0131 ile noterlik hizmetleri yer almaktad\u0131r.<br>Her dosya; haz\u0131rl\u0131k, usule uygunluk ve detaylara \u00f6zen ilkesiyle ele al\u0131n\u0131r. \u0130leti\u015fim do\u011frudan, sayg\u0131l\u0131 ve zaman\u0131nda y\u00fcr\u00fct\u00fcl\u00fcr. M\u00fcvekkiller s\u00fcrecin her a\u015famas\u0131nda bilgilendirilir.<br>Temel hedef; net bir strateji, sorumlu temsil ve etkin \u00e7\u00f6z\u00fcm sa\u011flamakt\u0131r.\t<\/p>\n\n<\/div>\n\n\n<div data-spectra-id=\"spectra-5d1184e3-242c-4c45-8236-64d36c30116d\" style=\"overflow: visible\" class=\"spectra-overlay-color spectra-overflow wp-block-spectra-container\" data-orientation=\"vertical\">\n\t\n\n<figure data-spectra-id=\"spectra-mlpifck1-u4ctv1\" class=\"wp-block-image size-large\"><img loading=\"lazy\" decoding=\"async\" width=\"1024\" height=\"1012\" src=\"https:\/\/abdullahsezginlegal.com\/wp-content\/uploads\/2026\/02\/IMG_9524-1-1024x1012.jpeg\" alt=\"\" class=\"wp-image-2724\" srcset=\"https:\/\/abdullahsezginlegal.com\/wp-content\/uploads\/2026\/02\/IMG_9524-1-1024x1012.jpeg 1024w, https:\/\/abdullahsezginlegal.com\/wp-content\/uploads\/2026\/02\/IMG_9524-1-300x296.jpeg 300w, https:\/\/abdullahsezginlegal.com\/wp-content\/uploads\/2026\/02\/IMG_9524-1-768x759.jpeg 768w, https:\/\/abdullahsezginlegal.com\/wp-content\/uploads\/2026\/02\/IMG_9524-1-1536x1517.jpeg 1536w, https:\/\/abdullahsezginlegal.com\/wp-content\/uploads\/2026\/02\/IMG_9524-1-2048x2023.jpeg 2048w\" sizes=\"auto, (max-width: 1024px) 100vw, 1024px\" \/><\/figure>\n\n<\/div>\n\n<\/div>\n\n<\/div>\n\n\n<div data-spectra-id=\"spectra-mhx7db5w-12hr1p\"\tstyle=\"overflow: visible; --spectra-background-gradient: linear-gradient(180deg, var(--ast-global-color-5) 50%, var(--ast-global-color-4) 49%);\" class=\"spectra-is-root-container alignfull spectra-overlay-color spectra-overflow spectra-background-gradient wp-block-spectra-container\" data-orientation=\"vertical\"\t>\n\t\n<div data-spectra-id=\"spectra-bcc573b1-aada-425d-90ac-db945e591c16\" style=\"overflow: visible\" class=\"spectra-overlay-color spectra-overflow wp-block-spectra-container\" data-orientation=\"horizontal\">\n\t\n<div data-spectra-id=\"spectra-mhx7gq9e-nafl3k\" style=\"overflow: visible;--spectra-background-color: var(--ast-global-color-4);--spectra-box-shadow: 0px 15px 70px -20px #22242540;--spectra-z-index: 400\" class=\"spectra-overlay-color spectra-overflow spectra-background-color spectra-box-shadow wp-block-spectra-container has-z-index\" data-orientation=\"vertical\">\n\t\n\t<h4 data-spectra-id=\"spectra-mhx7hwbg-rma2l4\" class=\"wp-block-spectra-content\">\n\t\tVizyonumuz\t<\/h4>\n\n\n\t<p data-spectra-id=\"spectra-mhx7hy6o-zr5acr\" class=\"wp-block-spectra-content\">\n\t\tOntario hukuk sistemi i\u00e7erisinde; usule ba\u011fl\u0131l\u0131k, etik standartlar ve g\u00fc\u00e7l\u00fc temsil ile tan\u0131nan g\u00fcvenilir bir paralegal prati\u011fi olu\u015fturmak.\t<\/p>\n\n<\/div>\n\n\n<div data-spectra-id=\"spectra-753ae6ac-08b5-41a9-b99b-8819e6f7869e\" style=\"overflow: visible;--spectra-background-color: var(--ast-global-color-4);--spectra-box-shadow: 0px 15px 70px -20px #22242540\" class=\"spectra-overlay-color spectra-overflow spectra-background-color spectra-box-shadow wp-block-spectra-container\" data-orientation=\"vertical\">\n\t\n\t<h4 data-spectra-id=\"spectra-b63990a1-2ed0-495c-b524-cb46843f569d\" class=\"wp-block-spectra-content\">\n\t\tMisyonumuz\t<\/h4>\n\n\n\t<p data-spectra-id=\"spectra-8d9e77cb-33e8-46e9-99e0-54359d7560a8\" class=\"wp-block-spectra-content\">\n\t\tD\u00fcr\u00fcstl\u00fck ve sorumluluk ilkeleri \u00e7er\u00e7evesinde; g\u00fcvenilir, eri\u015filebilir ve profesyonel \u015fekilde yap\u0131land\u0131r\u0131lm\u0131\u015f hukuki hizmet sunmak.<br>Her dosyada sayg\u0131l\u0131 ileti\u015fim, zaman\u0131nda geri d\u00f6n\u00fc\u015f ve dikkatli dosya y\u00f6netimi esas al\u0131nmaktad\u0131r.\t<\/p>\n\n<\/div>\n\n\n<div data-spectra-id=\"spectra-fa9a5492-6f23-4228-9a95-4a2599a39aa9\" style=\"overflow: visible;--spectra-background-color: var(--ast-global-color-4);--spectra-box-shadow: 0px 15px 70px -20px #22242540\" class=\"spectra-overlay-color spectra-overflow spectra-background-color spectra-box-shadow wp-block-spectra-container\" data-orientation=\"vertical\">\n\t\n\t<h4 data-spectra-id=\"spectra-bcbcfe5b-6809-4206-8b5f-b054252b0d2b\" class=\"wp-block-spectra-content\">\n\t\tTemel De\u011ferlerimiz\t<\/h4>\n\n\n\n<ul class=\"wp-block-list\">\n<li>Sayg\u0131l\u0131 ve insani m\u00fcvekkil ileti\u015fimi<\/li>\n\n\n\n<li>Zaman\u0131nda ve a\u00e7\u0131k ileti\u015fim<\/li>\n\n\n\n<li>Her dosyada hesap verebilirlik<\/li>\n\n\n\n<li>Disiplinli ve sa\u011flam dosya y\u00f6netimi<\/li>\n\n\n\n<li>Etik ve sorumlu temsil anlay\u0131\u015f\u0131<\/li>\n<\/ul>\n\n\n\n<p><\/p>\n\n<\/div>\n\n<\/div>\n\n<\/div>\n\n\n<div data-spectra-id=\"spectra-a4be3df6-4f21-4b48-9170-4153986fa4dd\"\tstyle=\"overflow: visible; --spectra-background-color: var(--ast-global-color-7); --spectra-overlay-opacity: 0.55;\" class=\"spectra-is-root-container alignfull spectra-overlay-color spectra-overflow spectra-background-color spectra-dim-ratio wp-block-spectra-container\" data-orientation=\"vertical\"\t>\n\t\n<div data-spectra-id=\"spectra-aac2fb35-ffe6-40f5-97f2-fa3c290cefc1\" style=\"overflow: visible\" class=\"spectra-overlay-color spectra-overflow wp-block-spectra-container\" data-orientation=\"vertical\">\n\t\n\t<h2 data-spectra-id=\"spectra-mhvw8da2-9tb2hr\" style=\"--spectra-text-color: white\" class=\"has-text-color has-link-color spectra-text-color wp-elements-4b60b0e54951670dd7df53710c895029 wp-block-spectra-content has-text-color has-white-color\">\n\t\tHukuki sorunlar\u0131n\u0131z\u0131n \u00e7\u00f6z\u00fcm\u00fc i\u00e7in size hizmet sunuyoruz\t<\/h2>\n\n\n<div data-spectra-id=\"spectra-mipt7xda-8ll3pq\" class=\"wp-block-button spectra-buttons wp-block-spectra-buttons\">\n\t\n\n<\/div>\n\n<\/div>\n\n<\/div>","protected":false},"excerpt":{"rendered":"","protected":false},"author":1,"featured_media":0,"parent":0,"menu_order":0,"comment_status":"closed","ping_status":"closed","template":"","meta":{"_uag_custom_page_level_css":"","site-sidebar-layout":"no-sidebar","site-content-layout":"plain-container","ast-site-content-layout":"normal-width-container","site-content-style":"unboxed","site-sidebar-style":"unboxed","ast-global-header-display":"","ast-banner-title-visibility":"","ast-main-header-display":"","ast-hfb-above-header-display":"","ast-hfb-below-header-display":"","ast-hfb-mobile-header-display":"","site-post-title":"disabled","ast-breadcrumbs-content":"","ast-featured-img":"disabled","footer-sml-layout":"","ast-disable-related-posts":"","theme-transparent-header-meta":"enabled","adv-header-id-meta":"","stick-header-meta":"","header-above-stick-meta":"","header-main-stick-meta":"","header-below-stick-meta":"","astra-migrate-meta-layouts":"set","ast-page-background-enabled":"default","ast-page-background-meta":{"desktop":{"background-color":"var(--ast-global-color-4)","background-image":"","background-repeat":"repeat","background-position":"center center","background-size":"auto","background-attachment":"scroll","background-type":"","background-media":"","overlay-type":"","overlay-color":"","overlay-opacity":"","overlay-gradient":""},"tablet":{"background-color":"","background-image":"","background-repeat":"repeat","background-position":"center center","background-size":"auto","background-attachment":"scroll","background-type":"","background-media":"","overlay-type":"","overlay-color":"","overlay-opacity":"","overlay-gradient":""},"mobile":{"background-color":"","background-image":"","background-repeat":"repeat","background-position":"center center","background-size":"auto","background-attachment":"scroll","background-type":"","background-media":"","overlay-type":"","overlay-color":"","overlay-opacity":"","overlay-gradient":""}},"ast-content-background-meta":{"desktop":{"background-color":"var(--ast-global-color-5)","background-image":"","background-repeat":"repeat","background-position":"center center","background-size":"auto","background-attachment":"scroll","background-type":"","background-media":"","overlay-type":"","overlay-color":"","overlay-opacity":"","overlay-gradient":""},"tablet":{"background-color":"var(--ast-global-color-5)","background-image":"","background-repeat":"repeat","background-position":"center center","background-size":"auto","background-attachment":"scroll","background-type":"","background-media":"","overlay-type":"","overlay-color":"","overlay-opacity":"","overlay-gradient":""},"mobile":{"background-color":"var(--ast-global-color-5)","background-image":"","background-repeat":"repeat","background-position":"center center","background-size":"auto","background-attachment":"scroll","background-type":"","background-media":"","overlay-type":"","overlay-color":"","overlay-opacity":"","overlay-gradient":""}},"footnotes":""},"class_list":["post-834","page","type-page","status-publish","hentry"],"aioseo_notices":[],"_hostinger_reach_plugin_has_subscription_block":false,"_hostinger_reach_plugin_is_elementor":false,"uagb_featured_image_src":{"full":false,"thumbnail":false,"medium":false,"medium_large":false,"large":false,"1536x1536":false,"2048x2048":false,"trp-custom-language-flag":false},"uagb_author_info":{"display_name":"info@abdullahsezginlegal.com","author_link":"https:\/\/abdullahsezginlegal.com\/tr\/author\/infoabdullahsezginlegal-com\/"},"uagb_comment_info":0,"uagb_excerpt":null,"_links":{"self":[{"href":"https:\/\/abdullahsezginlegal.com\/tr\/wp-json\/wp\/v2\/pages\/834","targetHints":{"allow":["GET"]}}],"collection":[{"href":"https:\/\/abdullahsezginlegal.com\/tr\/wp-json\/wp\/v2\/pages"}],"about":[{"href":"https:\/\/abdullahsezginlegal.com\/tr\/wp-json\/wp\/v2\/types\/page"}],"author":[{"embeddable":true,"href":"https:\/\/abdullahsezginlegal.com\/tr\/wp-json\/wp\/v2\/users\/1"}],"replies":[{"embeddable":true,"href":"https:\/\/abdullahsezginlegal.com\/tr\/wp-json\/wp\/v2\/comments?post=834"}],"version-history":[{"count":8,"href":"https:\/\/abdullahsezginlegal.com\/tr\/wp-json\/wp\/v2\/pages\/834\/revisions"}],"predecessor-version":[{"id":2729,"href":"https:\/\/abdullahsezginlegal.com\/tr\/wp-json\/wp\/v2\/pages\/834\/revisions\/2729"}],"wp:attachment":[{"href":"https:\/\/abdullahsezginlegal.com\/tr\/wp-json\/wp\/v2\/media?parent=834"}],"curies":[{"name":"wp","href":"https:\/\/api.w.org\/{rel}","templated":true}]}}